{"id":573,"date":"2024-09-12T16:32:41","date_gmt":"2024-09-12T14:32:41","guid":{"rendered":"http:\/\/veterinaire-sohier.be\/?page_id=573"},"modified":"2024-09-12T16:32:42","modified_gmt":"2024-09-12T14:32:42","slug":"mentions-legales","status":"publish","type":"page","link":"https:\/\/veterinaire-sohier.be\/?page_id=573","title":{"rendered":"Mentions L\u00e9gales"},"content":{"rendered":"\n<p><strong>1. Pr\u00e9sentation du site &amp; g\u00e9n\u00e9ralit\u00e9s<\/strong><\/p>\n\n\n\n<p>1.1. Donn\u00e9e l\u00e9gales:<\/p>\n\n\n\n<p>Cabinet v\u00e9t\u00e9rinaire du Dr Sohier Justine<br>Rue De Bois D\u2019haine 66<br>7100 La Louvi\u00e8re<br>TVA:BE0556.779.010<\/p>\n\n\n\n<p>Pour nous contacter :&nbsp;<\/p>\n\n\n\n<p>T\u00e9l :\u00a0+32474359478<br>Email :\u00a0veterinaire.sohier@hotmail.com<\/p>\n\n\n\n<p>Le Site internet est par ailleurs exploit\u00e9 sous le nom&nbsp;de&nbsp;<\/p>\n\n\n\n<p>Propri\u00e9taire\u00a0: Justine Sohier<br>Webmaster\u00a0:\u00a0Laurie Diricq \u2013 <a href=\"mailto:laurie@putaindagence.be\">laurie@chewingcom.be<\/a><\/p>\n\n\n\n<p>1.2. Les pr\u00e9sentes conditions g\u00e9n\u00e9rales de vente, ainsi que les documents auxquelles elles se r\u00e9f\u00e8rent, r\u00e9gissent l&#8217;utilisation de ce site internet ainsi que les droits et obligations r\u00e9ciproques des parties naissant dans le cadre du contrat conclu entre l\u2019Entreprise et le Client.<\/p>\n\n\n\n<p>1.3. L\u2019utilisation de ce site internet ou des Services offerts par celui-ci, implique automatiquement l\u2019acceptation inconditionnelle par le Client de l\u2019int\u00e9gralit\u00e9 des pr\u00e9sentes Conditions G\u00e9n\u00e9rales, ci-apr\u00e8s les \u00ab Conditions G\u00e9n\u00e9rales \u00bb, que le Client reconna\u00eet avoir lues.<\/p>\n\n\n\n<p>1.4. Les pr\u00e9sentes conditions g\u00e9n\u00e9rales sont seules d\u2019application, sauf stipulation contraire expresse.<\/p>\n\n\n\n<p>1.5. L\u2019Entreprise est autoris\u00e9e \u00e0 r\u00e9viser, \u00e0 tout moment et sans avertissement pr\u00e9alable, tout ou partie du site ou des pr\u00e9sentes conditions g\u00e9n\u00e9rales.<\/p>\n\n\n\n<p><strong>Site h\u00e9berg\u00e9 par :<\/strong><\/p>\n\n\n\n<p>OVH<br>Si\u00e8ge social : 2 rue Kellermann \u2013 59100 Roubaix \u2013 France<\/p>\n\n\n\n<p><strong>Utilisation du site :<\/strong><\/p>\n\n\n\n<p>Justine Sohier est le titulaire exclusif de tous les droits de propri\u00e9t\u00e9 intellectuelle portant tant sur la structure que sur le contenu du site. Il est consenti \u00e0 l\u2019utilisateur le droit de reproduire tout ou partie du contenu du site aux fins de repr\u00e9sentation, en un exemplaire, pour copie de sauvegarde ou tirage sur papier, avec obligation de pr\u00e9ciser la source. Toute rediffusion ou commercialisation totale ou partielle de ce contenu, sous quelque forme que ce soit, \u00e9tant strictement interdite.<\/p>\n\n\n\n<p><strong>2. Conditions g\u00e9n\u00e9rales d\u2019utilisation du site et des services propos\u00e9s.<\/strong><\/p>\n\n\n\n<p>L\u2019utilisation du site<a href=\"http:\/\/veterinaire-sohier.be\/\"> http:\/\/veterinaire-sohier.be\/ <\/a>implique l\u2019acceptation pleine et enti\u00e8re des conditions g\u00e9n\u00e9rales d\u2019utilisation ci-apr\u00e8s d\u00e9crites. Ces conditions d\u2019utilisation sont susceptibles d\u2019\u00eatre modifi\u00e9es ou compl\u00e9t\u00e9es \u00e0 tout moment, les utilisateurs du site sont donc invit\u00e9s \u00e0 les consulter de mani\u00e8re r\u00e9guli\u00e8re.<br>Ce site est normalement accessible \u00e0 tout moment aux utilisateurs. Une interruption pour raison de maintenance technique peut \u00eatre toutefois d\u00e9cid\u00e9e par <a href=\"http:\/\/veterinaire-sohier.be\/\">http:\/\/veterinaire-sohier.be\/<\/a>, qui s\u2019efforcera alors de communiquer pr\u00e9alablement aux utilisateurs les dates et heures de l\u2019intervention.<br>Le site https:\/\/veterinaire-sohier.be est mis \u00e0 jour r\u00e9guli\u00e8rement. De la m\u00eame fa\u00e7on, les mentions l\u00e9gales peuvent \u00eatre modifi\u00e9es \u00e0 tout moment : elles s\u2019imposent n\u00e9anmoins \u00e0 l\u2019utilisateur qui est invit\u00e9 \u00e0 s\u2019y r\u00e9f\u00e9rer le plus souvent possible afin d\u2019en prendre connaissance.<\/p>\n\n\n\n<p><strong>3. Description des services fournis.<\/strong><\/p>\n\n\n\n<p>Le site http:\/\/veterinaire-sohier.be\/ a pour objet de fournir une information concernant l\u2019ensemble des activit\u00e9s de la soci\u00e9t\u00e9.<br>V\u00e9t\u00e9rinaire Sohier s\u2019efforce de fournir sur le site des informations aussi pr\u00e9cises que possible. Toutefois, il ne pourra \u00eatre tenu responsable des omissions, des inexactitudes et des carences dans la mise \u00e0 jour, qu\u2019elles soient de son fait ou du fait des tiers partenaires qui lui fournissent ces informations.<br>Toutes les informations indiqu\u00e9es sur le site <a href=\"https:\/\/veterinaire-sohier.be\/\" title=\"\">veterinaire-sohier.be<\/a> sont donn\u00e9es \u00e0 titre indicatif, et sont susceptibles d\u2019\u00e9voluer. Par ailleurs, les renseignements figurant sur le site ne sont pas exhaustifs. Ils sont donn\u00e9s sous r\u00e9serve de modifications ayant \u00e9t\u00e9 apport\u00e9es depuis leur mise en ligne.<\/p>\n\n\n\n<p><strong>4. Limitations contractuelles sur les donn\u00e9es techniques.<\/strong><\/p>\n\n\n\n<p>Le site utilise la technologie JavaScript.<br>Le site Internet ne pourra \u00eatre tenu responsable de dommages mat\u00e9riels li\u00e9s \u00e0 l\u2019utilisation du site. De plus, l\u2019utilisateur du site s\u2019engage \u00e0 acc\u00e9der au site en utilisant un mat\u00e9riel r\u00e9cent, ne contenant pas de virus et avec un navigateur de derni\u00e8re g\u00e9n\u00e9ration mis-\u00e0-jour<\/p>\n\n\n\n<p><strong>5. Propri\u00e9t\u00e9 intellectuelle et contrefa\u00e7ons.<\/strong><\/p>\n\n\n\n<p>Veterinaire Sohier est propri\u00e9taire des droits de propri\u00e9t\u00e9 intellectuelle ou d\u00e9tient les droits d\u2019usage sur tous les \u00e9l\u00e9ments accessibles sur le site, notamment les textes, images, graphismes, logo, ic\u00f4nes, sons, logiciels.<br>Toute reproduction, repr\u00e9sentation, modification, publication, adaptation de tout ou partie des \u00e9l\u00e9ments du site, quel que soit le moyen ou le proc\u00e9d\u00e9 utilis\u00e9, est interdite, sauf autorisation \u00e9crite pr\u00e9alable de Veterinaire Sohier.<br>Toute exploitation non autoris\u00e9e du site ou de l\u2019un quelconque des \u00e9l\u00e9ments qu\u2019il contient sera consid\u00e9r\u00e9e comme constitutive d\u2019une contrefa\u00e7on et poursuivie conform\u00e9ment aux dispositions des articles L.335-2 et suivants du Code de Propri\u00e9t\u00e9 Intellectuelle.<\/p>\n\n\n\n<p><strong>6. Limitations de responsabilit\u00e9.<\/strong><\/p>\n\n\n\n<p>Veterinaire Sohier ne pourra \u00eatre tenue responsable des dommages directs et indirects caus\u00e9s au mat\u00e9riel de l\u2019utilisateur, lors de l\u2019acc\u00e8s au site, et r\u00e9sultant soit de l\u2019utilisation d\u2019un mat\u00e9riel ne r\u00e9pondant pas aux sp\u00e9cifications indiqu\u00e9es au point 4, soit de l\u2019apparition d\u2019un bug ou d\u2019une incompatibilit\u00e9.<br>Veterinaire Sohier ne pourra \u00e9galement \u00eatre tenue responsable des dommages indirects (tels par exemple qu\u2019une perte de march\u00e9 ou perte d\u2019une chance) cons\u00e9cutifs \u00e0 l\u2019utilisation du site.<br>Des espaces interactifs (possibilit\u00e9 de poser des questions dans l\u2019espace contact) sont \u00e0 la disposition des utilisateurs. Veterinaire Sohier se r\u00e9serve le droit de supprimer, sans mise en demeure pr\u00e9alable, tout contenu d\u00e9pos\u00e9 dans cet espace qui contreviendrait \u00e0 la l\u00e9gislation applicable en Belgique, en particulier aux dispositions relatives \u00e0 la protection des donn\u00e9es. Le cas \u00e9ch\u00e9ant, Veterinaire Sohier se r\u00e9serve \u00e9galement la possibilit\u00e9 de mettre en cause la responsabilit\u00e9 civile et\/ou p\u00e9nale de l\u2019utilisateur, notamment en cas de message \u00e0 caract\u00e8re raciste, injurieux, diffamant, ou pornographique, quel que soit le support utilis\u00e9 (texte, photographie\u2026).<\/p>\n\n\n\n<p><strong>7. Gestion des donn\u00e9es personnelles.<\/strong><\/p>\n\n\n\n<p>En Belgique, la protection des donn\u00e9es personnelles dans le cadre de la soci\u00e9t\u00e9 de l\u2019information est assur\u00e9e principalement par les textes&nbsp;suivants :<\/p>\n\n\n\n<ul class=\"wp-block-list\">\n<li>la\u00a0<a href=\"http:\/\/economie.fgov.be\/fr\/modules\/regulation\/loi\/19921208_l_protection_vie_privee_traitements_de_donnees.jsp\">Loi du 8 d\u00e9cembre 1992<\/a>\u00a0relative \u00e0 la protection de la vie priv\u00e9e \u00e0 l\u2019\u00e9gard des traitements de donn\u00e9es \u00e0 caract\u00e8re personnel (\u00ab\u00a0loi vie priv\u00e9e\u00a0\u00bb), vise \u00e0 prot\u00e9ger le citoyen contre toute utilisation abusive de ses donn\u00e9es \u00e0 caract\u00e8re personnel\u00a0;<\/li>\n\n\n\n<li>la\u00a0<a href=\"http:\/\/economie.fgov.be\/fr\/modules\/regulation\/loi\/20050613_l_relative_aux_communications_electroniques.jsp\">Loi du 13 juin 2005<\/a>\u00a0relative aux communications \u00e9lectroniques, fixe les principes applicables au secret des communications, au traitement des donn\u00e9es et \u00e0 la protection de la vie priv\u00e9e des utilisateurs ;<\/li>\n\n\n\n<li>la\u00a0<a href=\"http:\/\/economie.fgov.be\/fr\/modules\/regulation\/loi\/20030311_l_aspects_juridiques_des_services_societe_info.jsp\">Loi du 11 mars 2003<\/a>\u00a0sur certains aspects juridiques des services de la soci\u00e9t\u00e9 de l\u2019information, pr\u00e9voit des r\u00e8gles en mati\u00e8re de courrier \u00e9lectronique,\u00a0y compris le courrier \u00e9lectronique non sollicit\u00e9 ;<\/li>\n\n\n\n<li>l\u2019arr\u00eat\u00e9 royal du 12 juin 2002 rendant obligatoire la convention collective n\u00b081 du 26 avril 2002 relative \u00e0 la protection de la vie priv\u00e9e des travailleurs \u00e0 l\u2019\u00e9gard du contr\u00f4le des donn\u00e9es de communications \u00e9lectroniques en r\u00e9seau.<\/li>\n<\/ul>\n\n\n\n<p><strong>8. Liens hypertextes et cookies.<\/strong><\/p>\n\n\n\n<p>Le site veterinaire-sohier.be contient un certain nombre de liens hypertextes vers d\u2019autres sites, mis en place avec l\u2019autorisation de Veterinaire Sohier. Cependant, Veterinaire Sohier n\u2019a pas la possibilit\u00e9 de v\u00e9rifier le contenu des sites ainsi visit\u00e9s, et n\u2019assumera en cons\u00e9quence aucune responsabilit\u00e9 de ce fait.<br>La navigation sur le site https:\/\/veterinaire-sohier.be est susceptible de provoquer l\u2019installation de cookie(s) sur l\u2019ordinateur de l\u2019utilisateur. Un cookie est un fichier de petite taille, qui ne permet pas l\u2019identification de l\u2019utilisateur, mais qui enregistre des informations relatives \u00e0 la navigation d\u2019un ordinateur sur un site. Les donn\u00e9es ainsi obtenues visent \u00e0 faciliter la navigation ult\u00e9rieure sur le site, et ont \u00e9galement vocation \u00e0 permettre diverses mesures de fr\u00e9quentation.<br>Le refus d\u2019installation d\u2019un cookie peut entra\u00eener l\u2019impossibilit\u00e9 d\u2019acc\u00e9der \u00e0 certains services. L\u2019utilisateur peut toutefois configurer son ordinateur pour emp\u00eacher les cookies de s\u2019ex\u00e9cuter lors de sa navigation Internet.<\/p>\n\n\n\n<p><strong>9. Droit applicable et attribution de juridiction.<\/strong><\/p>\n\n\n\n<p>Tout litige en relation avec l\u2019utilisation du site https:\/\/veterinaire-sohier.be est soumis au droit Belge.<\/p>\n\n\n\n<p><strong>10. Les principales lois concern\u00e9es.<\/strong><\/p>\n\n\n\n<p>Les&nbsp;dispositions l\u00e9gales en vigueur en mati\u00e8re de protection des donn\u00e9es issues de la Loi n\u00b0 78-017 du 6 janvier 1978 relative \u00e0 l\u2019informatique, aux fichiers et aux libert\u00e9s (dite Loi Informatique et Libert\u00e9s).<\/p>\n\n\n\n<p><strong>11. Lexique.<\/strong><\/p>\n\n\n\n<p>Utilisateur : Internaute se connectant, utilisant le site susnomm\u00e9.<br>Informations personnelles : \u00ab les informations qui permettent, sous quelque forme que ce soit, directement ou non, l\u2019identification des personnes physiques auxquelles elles s\u2019appliquent \u00bb .<\/p>\n","protected":false},"excerpt":{"rendered":"<p>1. Pr\u00e9sentation du site &amp; g\u00e9n\u00e9ralit\u00e9s 1.1. Donn\u00e9e l\u00e9gales: Cabinet v\u00e9t\u00e9rinaire du Dr Sohier JustineRue De Bois D\u2019haine 667100 La Louvi\u00e8reTVA:BE0556.779.010 Pour nous contacter :&nbsp; T\u00e9l :\u00a0+32474359478Email :\u00a0veterinaire.sohier@hotmail.com Le Site internet est par ailleurs exploit\u00e9 sous le nom&nbsp;de&nbsp; Propri\u00e9taire\u00a0: Justine SohierWebmaster\u00a0:\u00a0Laurie Diricq \u2013 laurie@chewingcom.be 1.2. Les pr\u00e9sentes conditions g\u00e9n\u00e9rales de vente, ainsi que les documents [&hellip;]<\/p>\n","protected":false},"author":1,"featured_media":0,"parent":0,"menu_order":0,"comment_status":"closed","ping_status":"closed","template":"","meta":{"_monsterinsights_skip_tracking":false,"_monsterinsights_sitenote_active":false,"_monsterinsights_sitenote_note":"","_monsterinsights_sitenote_category":0,"footnotes":""},"class_list":["post-573","page","type-page","status-publish","hentry"],"aioseo_notices":[],"_links":{"self":[{"href":"https:\/\/veterinaire-sohier.be\/index.php?rest_route=\/wp\/v2\/pages\/573","targetHints":{"allow":["GET"]}}],"collection":[{"href":"https:\/\/veterinaire-sohier.be\/index.php?rest_route=\/wp\/v2\/pages"}],"about":[{"href":"https:\/\/veterinaire-sohier.be\/index.php?rest_route=\/wp\/v2\/types\/page"}],"author":[{"embeddable":true,"href":"https:\/\/veterinaire-sohier.be\/index.php?rest_route=\/wp\/v2\/users\/1"}],"replies":[{"embeddable":true,"href":"https:\/\/veterinaire-sohier.be\/index.php?rest_route=%2Fwp%2Fv2%2Fcomments&post=573"}],"version-history":[{"count":1,"href":"https:\/\/veterinaire-sohier.be\/index.php?rest_route=\/wp\/v2\/pages\/573\/revisions"}],"predecessor-version":[{"id":574,"href":"https:\/\/veterinaire-sohier.be\/index.php?rest_route=\/wp\/v2\/pages\/573\/revisions\/574"}],"wp:attachment":[{"href":"https:\/\/veterinaire-sohier.be\/index.php?rest_route=%2Fwp%2Fv2%2Fmedia&parent=573"}],"curies":[{"name":"wp","href":"https:\/\/api.w.org\/{rel}","templated":true}]}}